{"id":10877,"date":"2019-11-13T10:14:57","date_gmt":"2019-11-13T13:14:57","guid":{"rendered":"http:\/\/www.viajuntos.com.br\/wordpress\/?page_id=10877"},"modified":"2019-11-13T10:14:58","modified_gmt":"2019-11-13T13:14:58","slug":"regras-importantes-de-um-campista-motorhome-comportamento","status":"publish","type":"page","link":"https:\/\/viajuntos.com.br\/wordpress\/regras-importantes-de-um-campista-motorhome-comportamento\/","title":{"rendered":"REGRAS IMPORTANTES DE UM CAMPISTA- MOTORHOME  COMPORTAMENTO"},"content":{"rendered":"\n<p>REGRAS IMPORTANTES DE UM CAMPISTA- MOTORHOME<br>\nCOMPORTAMENTO<\/p>\n\n\n\n<p>\u00c9 importante que o campista compreenda que o ato de pernoitar em um posto de combust\u00edveis, mercados, restaurantes e qualquer outro estabelecimento que o PERMITA deve ser encarado apenas como uma PARADA ESTRAT\u00c9GICA PARA DESCANSO e n\u00e3o como uma maneira de economizar em campings.<\/p>\n\n\n\n<p>Um Ve\u00edculo de Recrea\u00e7\u00e3o foi concebido para possuir uma m\u00ednima independ\u00eancia tempor\u00e1ria, de \u00e1gua e energias (eletricidade e g\u00e1s). Portanto fa\u00e7a uso delas n\u00e3o exigindo do estabelecimento quaisquer elementos externos, como tomada de luz, por exemplo. No caso de postos de combust\u00edvel \u00e9 comum a disponibilidade de torneiras de \u00e1gua resolvendo o problema de n\u00e3o trafegar com a caixa cheia.<\/p>\n\n\n\n<p>Portanto siga m\u00ednimas regras de cidadania para que tais pr\u00e1ticas n\u00e3o sejam podadas pelos estabelecimentos que hoje n\u00e3o se op\u00f5em:<\/p>\n\n\n\n<ul><li>Ao chegar no local, pe\u00e7a ou ao menos avise de sua inten\u00e7\u00e3o. Se necess\u00e1rio explique que n\u00e3o precisar\u00e1 mais nada do que a vaga do ve\u00edculo.<\/li><li>Caso haja disponibilidade, encha a caixa de \u00e1gua do RV. N\u00e3o exija a liga\u00e7\u00e3o direta da mangueira.<\/li><li>N\u00e3o exija tomada de luz ao menos que exista tal oferta. Lembre-se de que voc\u00ea est\u00e1 em um ve\u00edculo projetado para ter ao menos uma noite de energia nas baterias e g\u00e1s para aquecimento de \u00e1gua e fog\u00e3o.<\/li><li>N\u00e3o despeje \u00e1gua servida no p\u00e1tio do local. Se seu ve\u00edculo n\u00e3o possui caixa de \u00e1gua servida, procure uma vaga que esteja pr\u00f3xima a um ralo ou canaleta e que esta n\u00e3o escorra por local vis\u00edvel. NUNCA despeje detritos no local.<\/li><li>N\u00e3o deixe de PRESTIGIAR o local que voc\u00ea est\u00e1 aproveitando. ABASTE\u00c7A no posto, fa\u00e7a compras e refei\u00e7\u00f5es no estabelecimento que te acolhe. N\u00e3o abuse e nem aproveite para obter custo zero \u00e0s custas de outrem, j\u00e1 que o local \u00e9 um com\u00e9rcio privado e n\u00e3o tem obriga\u00e7\u00e3o alguma de ceder nada gratuitamente.<\/li><\/ul>\n\n\n\n<p>Seguindo todas estas recomenda\u00e7\u00f5es voc\u00ea certamente estar\u00e1 contribuindo para que tal pr\u00e1tica n\u00e3o seja prejudicada. Policie seus colegas campistas. Aconselhe. Ainda h\u00e1 caravanistas que acham que o local tem obriga\u00e7\u00e3o de ceder luz el\u00e9trica e outros elementos. Cortesia se conquista\u2026 n\u00e3o se exige<\/p>\n","protected":false},"excerpt":{"rendered":"<p>REGRAS IMPORTANTES DE UM CAMPISTA- MOTORHOME COMPORTAMENTO \u00c9 importante que o campista compreenda que o ato de pernoitar em um [&hellip;]<\/p>\n","protected":false},"author":2,"featured_media":0,"parent":0,"menu_order":0,"comment_status":"closed","ping_status":"closed","template":"","meta":[],"_links":{"self":[{"href":"https:\/\/viajuntos.com.br\/wordpress\/wp-json\/wp\/v2\/pages\/10877"}],"collection":[{"href":"https:\/\/viajuntos.com.br\/wordpress\/wp-json\/wp\/v2\/pages"}],"about":[{"href":"https:\/\/viajuntos.com.br\/wordpress\/wp-json\/wp\/v2\/types\/page"}],"author":[{"embeddable":true,"href":"https:\/\/viajuntos.com.br\/wordpress\/wp-json\/wp\/v2\/users\/2"}],"replies":[{"embeddable":true,"href":"https:\/\/viajuntos.com.br\/wordpress\/wp-json\/wp\/v2\/comments?post=10877"}],"version-history":[{"count":1,"href":"https:\/\/viajuntos.com.br\/wordpress\/wp-json\/wp\/v2\/pages\/10877\/revisions"}],"predecessor-version":[{"id":10878,"href":"https:\/\/viajuntos.com.br\/wordpress\/wp-json\/wp\/v2\/pages\/10877\/revisions\/10878"}],"wp:attachment":[{"href":"https:\/\/viajuntos.com.br\/wordpress\/wp-json\/wp\/v2\/media?parent=10877"}],"curies":[{"name":"wp","href":"https:\/\/api.w.org\/{rel}","templated":true}]}}