{"id":11350,"date":"2019-12-04T15:33:46","date_gmt":"2019-12-04T18:33:46","guid":{"rendered":"https:\/\/www.viajuntos.com.br\/wordpress\/?page_id=11350"},"modified":"2019-12-04T20:29:07","modified_gmt":"2019-12-04T23:29:07","slug":"11350-2","status":"publish","type":"page","link":"https:\/\/viajuntos.com.br\/wordpress\/11350-2\/","title":{"rendered":"Camper Interior Ideas"},"content":{"rendered":"\n<figure class=\"wp-block-embed-wordpress wp-block-embed is-type-wp-embed is-provider-mobmasker\"><div class=\"wp-block-embed__wrapper\">\n<blockquote class=\"wp-embedded-content\" data-secret=\"wMymCOnAsX\"><a href=\"https:\/\/www.mobmasker.com\/best-69-t4-camper-interior-ideas\/\">Best 69+ T4 Camper Interior Ideas<\/a><\/blockquote><iframe title=\"&#8220;Best 69+ T4 Camper Interior Ideas&#8221; &#8212; MOBmasker\" class=\"wp-embedded-content\" sandbox=\"allow-scripts\" security=\"restricted\" style=\"position: absolute; clip: rect(1px, 1px, 1px, 1px);\" src=\"https:\/\/www.mobmasker.com\/best-69-t4-camper-interior-ideas\/embed\/#?secret=wMymCOnAsX\" data-secret=\"wMymCOnAsX\" width=\"600\" height=\"338\" frameborder=\"0\" marginwidth=\"0\" marginheight=\"0\" scrolling=\"no\"><\/iframe>\n<\/div><\/figure>\n\n\n\n<pre class=\"wp-block-preformatted\">Voc\u00ea n\u00e3o pode saber o que vai acontecer enquanto estiver acampando. Acampar n\u00e3o precisa ser complicado. Perfeito para fam\u00edlias devido \u00e0 sua relativa facilidade, o acampamento para carros \u00e9 a solu\u00e7\u00e3o ideal para fam\u00edlias que procuram uma escapada ao ar livre. O camping furtivo \u00e9 uma excelente op\u00e7\u00e3o, pois \u00e9 poss\u00edvel estacionar em quase qualquer lugar e dormir \u00e0 noite.\n\nAcampar pode adquirir imprevis\u00edvel na ocasi\u00e3o. N\u00e3o importa o tipo de carro que voc\u00ea dirige, o acampamento \u00e9 uma op\u00e7\u00e3o significativa de acomoda\u00e7\u00e3o para viagens, mas voc\u00ea pode precisar adaptar seus planos ao seu carro. RV camping e auto camping s\u00e3o duas coisas.<\/pre>\n\n\n\n<p>https:\/\/www.reimo.com\/en\/D-camping_shop\/<a href=\"https:\/\/www.reimo.com\/en\/D-camping_shop\/\">https:\/\/www.reimo.com\/en\/D-camping_shop\/<\/a><\/p>\n\n\n\n<p><a href=\"https:\/\/expeditionportal.com\/camper-trailer\/\">https:\/\/expeditionportal.com\/camper-trailer\/<\/a><\/p>\n\n\n\n<p><a href=\"https:\/\/www.expeditionportal.com\/forum\/threads\/amazing-simple-legless-camp-table-setup.15077\/\">https:\/\/www.expeditionportal.com\/forum\/threads\/amazing-simple-legless-camp-table-setup.15077\/<\/a><\/p>\n\n\n\n<p><a href=\"https:\/\/br.pinterest.com\/pin\/658018195538724873\/\">https:\/\/br.pinterest.com\/pin\/658018195538724873\/<\/a><\/p>\n\n\n\n<figure class=\"wp-block-embed-wordpress wp-block-embed is-type-wp-embed is-provider-ideacoration-co\"><div class=\"wp-block-embed__wrapper\">\n<blockquote class=\"wp-embedded-content\" data-secret=\"4SwsPK8gNn\"><a href=\"https:\/\/ideacoration.co\/2018\/01\/12\/22-awesome-camper-van-conversions\/\">22 Awesome Camper Van Conversions<\/a><\/blockquote><iframe title=\"&#8220;22 Awesome Camper Van Conversions&#8221; &#8212; ideacoration.co\" class=\"wp-embedded-content\" sandbox=\"allow-scripts\" security=\"restricted\" style=\"position: absolute; clip: rect(1px, 1px, 1px, 1px);\" src=\"https:\/\/ideacoration.co\/2018\/01\/12\/22-awesome-camper-van-conversions\/embed\/#?secret=4SwsPK8gNn\" data-secret=\"4SwsPK8gNn\" width=\"600\" height=\"338\" frameborder=\"0\" marginwidth=\"0\" marginheight=\"0\" scrolling=\"no\"><\/iframe>\n<\/div><\/figure>\n\n\n\n<p><a href=\"https:\/\/ideacoration.co\/category\/rv-camper\/\">https:\/\/ideacoration.co\/category\/rv-camper\/<\/a><\/p>\n\n\n\n<p><a href=\"https:\/\/www.sscampervans.com\/shop\/van-tents\/\">https:\/\/www.sscampervans.com\/shop\/van-tents\/<\/a><\/p>\n\n\n\n<p><a href=\"https:\/\/www.instructables.com\/id\/Camping-Chuck-Box\/\">https:\/\/www.instructables.com\/id\/Camping-Chuck-Box\/<\/a><\/p>\n\n\n\n<figure class=\"wp-block-embed-wordpress wp-block-embed is-type-wp-embed is-provider-camperism\"><div class=\"wp-block-embed__wrapper\">\n<blockquote class=\"wp-embedded-content\" data-secret=\"vjZOpKyAlo\"><a href=\"https:\/\/camperism.co\/2018\/05\/17\/25-car-camping-for-the-newbie\/\">25 Car Camping For The Newbie<\/a><\/blockquote><iframe title=\"&#8220;25 Car Camping For The Newbie&#8221; &#8212; Camperism\" class=\"wp-embedded-content\" sandbox=\"allow-scripts\" security=\"restricted\" style=\"position: absolute; clip: rect(1px, 1px, 1px, 1px);\" src=\"https:\/\/camperism.co\/2018\/05\/17\/25-car-camping-for-the-newbie\/embed\/#?secret=vjZOpKyAlo\" data-secret=\"vjZOpKyAlo\" width=\"600\" height=\"338\" frameborder=\"0\" marginwidth=\"0\" marginheight=\"0\" scrolling=\"no\"><\/iframe>\n<\/div><\/figure>\n\n\n\n\n\n<figure class=\"wp-block-embed-wordpress wp-block-embed is-type-wp-embed is-provider-rv-inspiration\"><div class=\"wp-block-embed__wrapper\">\n<blockquote class=\"wp-embedded-content\" data-secret=\"7nr6gcY7vl\"><a href=\"https:\/\/rvinspiration.com\/rv-life\/cheap-diy-rv-skirting\/\">How We Made $200 DIY Vinyl RV Skirting for Winter<\/a><\/blockquote><iframe title=\"&#8220;How We Made $200 DIY Vinyl RV Skirting for Winter&#8221; &#8212; RV Inspiration\" class=\"wp-embedded-content\" sandbox=\"allow-scripts\" security=\"restricted\" style=\"position: absolute; clip: rect(1px, 1px, 1px, 1px);\" src=\"https:\/\/rvinspiration.com\/rv-life\/cheap-diy-rv-skirting\/embed\/#?secret=7nr6gcY7vl\" data-secret=\"7nr6gcY7vl\" width=\"600\" height=\"338\" frameborder=\"0\" marginwidth=\"0\" marginheight=\"0\" scrolling=\"no\"><\/iframe>\n<\/div><\/figure>\n\n\n\n\n\n<p><a href=\"https:\/\/www.reimo.com\/de\/campingbusse\/campingbus-vw-t5-multistyle_daten.html\">https:\/\/www.reimo.com\/de\/campingbusse\/campingbus-vw-t5-multistyle_daten.html<\/a><\/p>\n\n\n\n<p><a href=\"https:\/\/paddelpeter.lima-city.de\/peter\/caddy-bett\/caddy-bett.html\">https:\/\/paddelpeter.lima-city.de\/peter\/caddy-bett\/caddy-bett.html<\/a><\/p>\n\n\n\n<p><a href=\"https:\/\/www.kompanja.de\/\">https:\/\/www.kompanja.de\/<\/a><\/p>\n\n\n\n<p><\/p>\n\n\n\n<figure class=\"wp-block-embed-wordpress wp-block-embed is-type-wp-embed is-provider-anacamp\"><div class=\"wp-block-embed__wrapper\">\n<blockquote class=\"wp-embedded-content\" data-secret=\"TI3qQwyyH8\"><a href=\"http:\/\/anacamp.com\/campings\/\">Campings<\/a><\/blockquote><iframe title=\"&#8220;Campings&#8221; &#8212; Anacamp\" class=\"wp-embedded-content\" sandbox=\"allow-scripts\" security=\"restricted\" style=\"position: absolute; clip: rect(1px, 1px, 1px, 1px);\" src=\"http:\/\/anacamp.com\/campings\/embed\/#?secret=TI3qQwyyH8\" data-secret=\"TI3qQwyyH8\" width=\"600\" height=\"338\" frameborder=\"0\" marginwidth=\"0\" marginheight=\"0\" scrolling=\"no\"><\/iframe>\n<\/div><\/figure>\n\n\n\n\n\n<figure class=\"wp-block-embed-wordpress wp-block-embed is-type-wp-embed is-provider-anacamp\"><div class=\"wp-block-embed__wrapper\">\n<blockquote class=\"wp-embedded-content\" data-secret=\"TI3qQwyyH8\"><a href=\"http:\/\/anacamp.com\/campings\/\">Campings<\/a><\/blockquote><iframe title=\"&#8220;Campings&#8221; &#8212; Anacamp\" class=\"wp-embedded-content\" sandbox=\"allow-scripts\" security=\"restricted\" style=\"position: absolute; clip: rect(1px, 1px, 1px, 1px);\" src=\"http:\/\/anacamp.com\/campings\/embed\/#?secret=TI3qQwyyH8\" data-secret=\"TI3qQwyyH8\" width=\"600\" height=\"338\" frameborder=\"0\" marginwidth=\"0\" marginheight=\"0\" scrolling=\"no\"><\/iframe>\n<\/div><\/figure>\n\n\n\n<p><a href=\"https:\/\/happycampers.is\/Q-&amp;-A\">https:\/\/happycampers.is\/Q-&amp;-A<\/a><\/p>\n\n\n\n<p>ideias de negocio<\/p>\n\n\n\n<p><a href=\"https:\/\/happycampers.is\/#Camper-Vans\">https:\/\/happycampers.is\/#Camper-Vans<\/a><\/p>\n\n\n\n<p><a href=\"https:\/\/raisingchildren.net.au\/grown-ups\/family-life\/routines-rituals-relationships\/good-family-relationships\">https:\/\/raisingchildren.net.au\/grown-ups\/family-life\/routines-rituals-relationships\/good-family-relationships<\/a><\/p>\n\n\n\n<p><a href=\"https:\/\/www.nationalgeographic.com\/travel\/intelligent-travel\/2013\/09\/05\/how-to-turn-your-car-into-a-camper\/\">https:\/\/www.nationalgeographic.com\/travel\/intelligent-travel\/2013\/09\/05\/how-to-turn-your-car-into-a-camper\/<\/a><\/p>\n\n\n\n<p>https:\/\/www.themandagies.com\/sleeping-in-your-car-car-camping-101\/<\/p>\n<p>\u00a0<\/p>\n","protected":false},"excerpt":{"rendered":"<p>Voc\u00ea n\u00e3o pode saber o que vai acontecer enquanto estiver acampando. Acampar n\u00e3o precisa ser complicado. Perfeito para fam\u00edlias devido [&hellip;]<\/p>\n","protected":false},"author":2,"featured_media":0,"parent":0,"menu_order":0,"comment_status":"closed","ping_status":"closed","template":"","meta":[],"_links":{"self":[{"href":"https:\/\/viajuntos.com.br\/wordpress\/wp-json\/wp\/v2\/pages\/11350"}],"collection":[{"href":"https:\/\/viajuntos.com.br\/wordpress\/wp-json\/wp\/v2\/pages"}],"about":[{"href":"https:\/\/viajuntos.com.br\/wordpress\/wp-json\/wp\/v2\/types\/page"}],"author":[{"embeddable":true,"href":"https:\/\/viajuntos.com.br\/wordpress\/wp-json\/wp\/v2\/users\/2"}],"replies":[{"embeddable":true,"href":"https:\/\/viajuntos.com.br\/wordpress\/wp-json\/wp\/v2\/comments?post=11350"}],"version-history":[{"count":22,"href":"https:\/\/viajuntos.com.br\/wordpress\/wp-json\/wp\/v2\/pages\/11350\/revisions"}],"predecessor-version":[{"id":11387,"href":"https:\/\/viajuntos.com.br\/wordpress\/wp-json\/wp\/v2\/pages\/11350\/revisions\/11387"}],"wp:attachment":[{"href":"https:\/\/viajuntos.com.br\/wordpress\/wp-json\/wp\/v2\/media?parent=11350"}],"curies":[{"name":"wp","href":"https:\/\/api.w.org\/{rel}","templated":true}]}}