{"id":1958,"date":"2017-11-29T16:18:24","date_gmt":"2017-11-29T19:18:24","guid":{"rendered":"http:\/\/www.viajuntos.com.br\/wordpress\/?page_id=1958"},"modified":"2019-08-12T19:21:55","modified_gmt":"2019-08-12T22:21:55","slug":"onde-acampar","status":"publish","type":"page","link":"https:\/\/viajuntos.com.br\/wordpress\/onde-acampar\/","title":{"rendered":"Onde acampar"},"content":{"rendered":"\n<figure class=\"wp-block-image\"><img decoding=\"async\" loading=\"lazy\" width=\"1024\" height=\"576\" src=\"http:\/\/www.viajuntos.com.br\/wordpress\/wp-content\/uploads\/20190114_194110-test-1-1024x576.jpg\" alt=\"\" class=\"wp-image-10275\" srcset=\"https:\/\/viajuntos.com.br\/wordpress\/wp-content\/uploads\/20190114_194110-test-1-1024x576.jpg 1024w, https:\/\/viajuntos.com.br\/wordpress\/wp-content\/uploads\/20190114_194110-test-1-300x169.jpg 300w, https:\/\/viajuntos.com.br\/wordpress\/wp-content\/uploads\/20190114_194110-test-1-768x432.jpg 768w, https:\/\/viajuntos.com.br\/wordpress\/wp-content\/uploads\/20190114_194110-test-1-475x267.jpg 475w\" sizes=\"(max-width: 1024px) 100vw, 1024px\" \/><\/figure>\n\n\n<h2 data-tadv-p=\"keep\">Voc\u00ea j\u00e1 chegou numa cidade sem saber onde ficar? Foi procurar algum camping nas proximidades pelo google e n\u00e3o tinha sinal de internet? Se voc\u00ea respondeu sim para uma das perguntas, continue lendo este texto.<\/h2>\n<h2>Abrimos este espa\u00e7o para compartilhar com voc\u00ea as ferramentas que utilizamos quando estamos buscando algum lugar para acampar ou parar o carro em um lugar seguro.<\/h2>\n<h2>Nem sempre o camping est\u00e1 localizado em vias principais da cidade, de f\u00e1cil acesso, diferente de hot\u00e9is e pousadas por exemplo. Normalmente est\u00e3o mais afastados devido ao tamanho do terreno, e para proporcionar ao campista o contato com a natureza. Quando viajamos n\u00e3o sabemos onde vamos querer parar, ent\u00e3o vamos decidindo no caminho, por\u00e9m nem sempre o sinal de internet m\u00f3vel colabora. Nesses casos realizamos a busca atrav\u00e9s de aplicativos que funcionam offline. Outra op\u00e7\u00e3o que sempre podemos utilizar \u00e9 perguntar para pessoas da regi\u00e3o, nos postos de combust\u00edvel, guardas municipais ou centro de apoio ao turista caso esteja aberto.<\/h2>\n<p>\u00a0<\/p>\n<h2 data-tadv-p=\"keep\"><strong>Com internet: Os principais sites para busca de camping:<\/strong><\/h2>\n<h3 data-tadv-p=\"keep\"><a href=\"https:\/\/macamp.com.br\/guia\/\">https:\/\/macamp.com.br\/guia\/<\/a><\/h3>\n<h3 data-tadv-p=\"keep\"><a href=\"http:\/\/ioverlander.com\/\">http:\/\/ioverlander.com\/<\/a><\/h3>\n<h3 data-tadv-p=\"keep\"><a href=\"https:\/\/www.ocampista.com.br\/campings.php\">https:\/\/www.ocampista.com.br\/campings.php<\/a><\/h3>\n<h3 data-tadv-p=\"keep\"><a href=\"http:\/\/www.motorhome.wiki.br\/\">www.motorhome.wiki.br\/<\/a><\/h3>\n<h3 data-tadv-p=\"keep\"><strong>ATEN\u00c7\u00c3O: As informa\u00e7\u00f5es provenientes destes sites poder\u00e3o estar desatualizadas. Muitos<\/strong><strong>\u00a0<\/strong><strong>campings listados s\u00e3o pequenos e n\u00e3o aceitam motorhomes. De qualquer maneira, s\u00e3o endere\u00e7os onde se pode obter algum tipo de ajuda e seguran\u00e7a e at\u00e9 mesmo estacionar pr\u00f3ximo. J\u00e1 \u00e9 uma luz no fim do t\u00fanel.<\/strong><\/h3>\n<h2 data-tadv-p=\"keep\"><strong>Sem internet: Aplicativos que funcionam offline<\/strong><\/h2>\n<h3 data-tadv-p=\"keep\"><strong>Ioverlander<\/strong> &#8211; dispon\u00edvel em IOS e Android<\/h3>\n<h3 data-tadv-p=\"keep\"><strong>MapsMe<\/strong> &#8211; dispon\u00edvel em IOS e Android<\/h3>\n<h3 data-tadv-p=\"keep\"><strong>Macamp<\/strong> &#8211; dispon\u00edvel em IOS e Android<\/h3>\n<h2>Sobre os aplicativos<\/h2>\n<h3 data-tadv-p=\"keep\"><strong>Ioverlander:<\/strong> Sobre o mapa, aparecer\u00e3o pequenos \u00edcones com o formato de barraca, aqui no Brasil e tamb\u00e9m outros pa\u00edses. Clique sobre o \u00edcone e ir\u00e1 aparecer as informa\u00e7\u00f5es do local e coment\u00e1rios de pessoas que j\u00e1 foram.<\/h3>\n<h3 data-tadv-p=\"keep\"><strong>MapsMe:<\/strong>\u00a0Neste, al\u00e9m de hospedagens, tem pontos tur\u00edsticos, postos de combust\u00edvel, farm\u00e1cias, hospitais e tudo que um viajante precisa. O melhor de tudo deste aplicativo \u00e9 que voc\u00ea pode baixar antes de viajar os mapas do pa\u00eds ou regi\u00f5es que ir\u00e1. Assim ele funcionar\u00e1 perfeitamente sem nada de internet. \u00c9 ou n\u00e3o \u00e9 a melhor ferramenta? Esse \u00e9 de longe o aplicativo que mais utilizamos em toda a hist\u00f3ria do Viajuntos.<\/h3>\n<h3><strong>Macamp<\/strong>: Este ainda est\u00e1 em fase de teste para n\u00f3s, baixamos a pouco tempo e ainda n\u00e3o testamos a vers\u00e3o offline. Um ponto interessante \u00e9 a guia de not\u00edcias e a divulga\u00e7\u00e3o de encontro de viajantes, o que o diferencia dos outros aplicativos aqui apresentados.<\/h3>\n<h3 data-tadv-p=\"keep\">Se voc\u00ea j\u00e1 utilizou algum destes sites ou aplicativos, nos conta a sua experi\u00eancia.<\/h3>\n<h1>J\u00e1 nos acompanha nas redes sociais? Estamos no Facebook e no Instagram como @casalviajuntos<\/h1>\n<h1 data-tadv-p=\"keep\">Segue l\u00e1 para acompanhar as nossas aventuras mais de pertinho \ud83d\ude09<\/h1>\n<p>\u00a0<\/p>\n<p style=\"text-align: center;\"><div class='powr-hit-counter' id='a7099a57_1510839177'><\/div><\/p>\n<p><script async=\"\" src=\"\/\/pagead2.googlesyndication.com\/pagead\/js\/adsbygoogle.js\"><\/script><br \/><!-- viajuntos --><br \/><ins class=\"adsbygoogle\" style=\"display: inline-block; width: 728px; height: 90px;\" data-ad-client=\"ca-pub-5748931028326378\" data-ad-slot=\"3424508494\"><\/ins><br \/><script><br \/>\n(adsbygoogle = window.adsbygoogle || []).push({});<br \/>\n<\/script><\/p>\n\n","protected":false},"excerpt":{"rendered":"<p>Voc\u00ea j\u00e1 chegou numa cidade sem saber onde ficar? Foi procurar algum camping nas proximidades pelo google e n\u00e3o tinha [&hellip;]<\/p>\n","protected":false},"author":2,"featured_media":0,"parent":0,"menu_order":0,"comment_status":"closed","ping_status":"closed","template":"","meta":[],"_links":{"self":[{"href":"https:\/\/viajuntos.com.br\/wordpress\/wp-json\/wp\/v2\/pages\/1958"}],"collection":[{"href":"https:\/\/viajuntos.com.br\/wordpress\/wp-json\/wp\/v2\/pages"}],"about":[{"href":"https:\/\/viajuntos.com.br\/wordpress\/wp-json\/wp\/v2\/types\/page"}],"author":[{"embeddable":true,"href":"https:\/\/viajuntos.com.br\/wordpress\/wp-json\/wp\/v2\/users\/2"}],"replies":[{"embeddable":true,"href":"https:\/\/viajuntos.com.br\/wordpress\/wp-json\/wp\/v2\/comments?post=1958"}],"version-history":[{"count":14,"href":"https:\/\/viajuntos.com.br\/wordpress\/wp-json\/wp\/v2\/pages\/1958\/revisions"}],"predecessor-version":[{"id":10276,"href":"https:\/\/viajuntos.com.br\/wordpress\/wp-json\/wp\/v2\/pages\/1958\/revisions\/10276"}],"wp:attachment":[{"href":"https:\/\/viajuntos.com.br\/wordpress\/wp-json\/wp\/v2\/media?parent=1958"}],"curies":[{"name":"wp","href":"https:\/\/api.w.org\/{rel}","templated":true}]}}