{"id":491,"date":"2017-11-14T15:55:17","date_gmt":"2017-11-14T15:55:17","guid":{"rendered":"http:\/\/www.viajuntos.com.br\/wordpress\/?page_id=491"},"modified":"2021-02-25T08:43:42","modified_gmt":"2021-02-25T11:43:42","slug":"nossa-historia","status":"publish","type":"page","link":"https:\/\/viajuntos.com.br\/wordpress\/nossa-historia\/","title":{"rendered":"Nossa hist\u00f3ria"},"content":{"rendered":"\t\t<div data-elementor-type=\"wp-page\" data-elementor-id=\"491\" class=\"elementor elementor-491\">\n\t\t\t\t\t\t<div class=\"elementor-inner\">\n\t\t\t\t<div class=\"elementor-section-wrap\">\n\t\t\t\t\t\t\t\t\t<section class=\"elementor-section elementor-top-section elementor-element elementor-element-763e7041 elementor-section-boxed elementor-section-height-default elementor-section-height-default\" data-id=\"763e7041\" data-element_type=\"section\">\n\t\t\t\t\t\t<div class=\"elementor-container elementor-column-gap-default\">\n\t\t\t\t\t\t\t<div class=\"elementor-row\">\n\t\t\t\t\t<div class=\"elementor-column elementor-col-100 elementor-top-column elementor-element elementor-element-7a48ba5f\" data-id=\"7a48ba5f\" data-element_type=\"column\">\n\t\t\t<div class=\"elementor-column-wrap elementor-element-populated\">\n\t\t\t\t\t\t\t<div class=\"elementor-widget-wrap\">\n\t\t\t\t\t\t<div class=\"elementor-element elementor-element-6ab2ef17 elementor-widget elementor-widget-text-editor\" data-id=\"6ab2ef17\" data-element_type=\"widget\" data-widget_type=\"text-editor.default\">\n\t\t\t\t<div class=\"elementor-widget-container\">\n\t\t\t\t\t\t\t\t<div class=\"elementor-text-editor elementor-clearfix\">\n\t\t\t\t<p>\u00a0<\/p>\n<h2 style=\"text-align: center;\">Somos Bruna e Lianderson e L\u00edvia , unidos pelo amor e o desejo de conhecer lugares novos. N\u00e3o vivemos disso, temos o nosso trabalho, mas sempre que temos um tempinho aproveitamos para sair por a\u00ed. Estar em contato com a natureza \u00e9 a nossa ess\u00eancia!<\/h2>\n<h2 style=\"text-align: center;\">Uma aventura come\u00e7a quando voc\u00ea decide se aventurar<\/h2>\n<div>\u00a0<\/div>\n<div>\u00a0<\/div>\n<p><img decoding=\"async\" loading=\"lazy\" src=\"http:\/\/www.viajuntos.com.br\/wordpress\/wp-content\/uploads\/2017\/11\/20170428_165649-300x225.jpg\" alt=\"\" width=\"561\" height=\"421\" \/><\/p>\n<p>\u00a0<\/p>\n<p><img decoding=\"async\" loading=\"lazy\" src=\"http:\/\/www.viajuntos.com.br\/wordpress\/wp-content\/uploads\/2017\/11\/20170729_154730-300x225.jpg\" alt=\"\" width=\"560\" height=\"420\" \/><\/p>\n<p>\u00a0<\/p>\n<div>\n<div><iframe loading=\"lazy\" style=\"height: 56px; transition: height 0.3s ease 0s; display: inline; visibility: visible;\" src=\"https:\/\/www.powr.io\/hit-counter\/u\/a7099a57_1510839177#platform=html&amp;url=https%3A%2F%2Fviajuntos.com.br%2Fwordpress%2Fwp-admin%2Fpost.php%3Fpost%3D491%26action%3Delementor\" width=\"100%\" height=\"56px\" frameborder=\"0\" allowfullscreen=\"allowfullscreen\"><\/iframe><\/div>\n<\/div>\n<p><ins style=\"display: inline-block; width: 728px; height: 90px;\" data-ad-client=\"ca-pub-5748931028326378\" data-ad-slot=\"3424508494\">\u00a0<\/ins><\/p>\n<p><!-- wp:image {\"id\":12975,\"sizeSlug\":\"large\"} --><\/p>\n<p><!-- \/wp:image --><\/p>\t\t\t\t\t<\/div>\n\t\t\t\t\t\t<\/div>\n\t\t\t\t<\/div>\n\t\t\t\t\t\t<\/div>\n\t\t\t\t\t<\/div>\n\t\t<\/div>\n\t\t\t\t\t\t\t\t<\/div>\n\t\t\t\t\t<\/div>\n\t\t<\/section>\n\t\t\t\t<section class=\"elementor-section elementor-top-section elementor-element elementor-element-786ba6b elementor-section-boxed elementor-section-height-default elementor-section-height-default\" data-id=\"786ba6b\" data-element_type=\"section\">\n\t\t\t\t\t\t<div class=\"elementor-container elementor-column-gap-default\">\n\t\t\t\t\t\t\t<div class=\"elementor-row\">\n\t\t\t\t\t<div class=\"elementor-column elementor-col-100 elementor-top-column elementor-element elementor-element-fe638bf\" data-id=\"fe638bf\" data-element_type=\"column\">\n\t\t\t<div class=\"elementor-column-wrap elementor-element-populated\">\n\t\t\t\t\t\t\t<div class=\"elementor-widget-wrap\">\n\t\t\t\t\t\t<div class=\"elementor-element elementor-element-b2202e6 elementor-arrows-position-inside elementor-pagination-position-outside elementor-widget elementor-widget-image-carousel\" data-id=\"b2202e6\" data-element_type=\"widget\" data-settings=\"{&quot;navigation&quot;:&quot;both&quot;,&quot;autoplay&quot;:&quot;yes&quot;,&quot;pause_on_hover&quot;:&quot;yes&quot;,&quot;pause_on_interaction&quot;:&quot;yes&quot;,&quot;autoplay_speed&quot;:5000,&quot;infinite&quot;:&quot;yes&quot;,&quot;speed&quot;:500}\" data-widget_type=\"image-carousel.default\">\n\t\t\t\t<div class=\"elementor-widget-container\">\n\t\t\t\t\t<div class=\"elementor-image-carousel-wrapper swiper-container\" dir=\"ltr\">\n\t\t\t<div class=\"elementor-image-carousel swiper-wrapper\" aria-live=\"off\">\n\t\t\t\t\t\t\t\t<div class=\"swiper-slide\" role=\"group\" aria-roledescription=\"slide\" aria-label=\"1 of 19\"><figure class=\"swiper-slide-inner\"><img decoding=\"async\" class=\"swiper-slide-image\" src=\"https:\/\/viajuntos.com.br\/wordpress\/wp-content\/uploads\/2021\/02\/Image0003-300x225.jpg\" alt=\"Image0003\" \/><\/figure><\/div><div class=\"swiper-slide\" role=\"group\" aria-roledescription=\"slide\" aria-label=\"2 of 19\"><figure class=\"swiper-slide-inner\"><img decoding=\"async\" class=\"swiper-slide-image\" src=\"https:\/\/viajuntos.com.br\/wordpress\/wp-content\/uploads\/2021\/02\/Image0033-300x232.jpg\" alt=\"Image0033\" \/><\/figure><\/div><div class=\"swiper-slide\" role=\"group\" aria-roledescription=\"slide\" aria-label=\"3 of 19\"><figure class=\"swiper-slide-inner\"><img decoding=\"async\" class=\"swiper-slide-image\" src=\"https:\/\/viajuntos.com.br\/wordpress\/wp-content\/uploads\/2021\/02\/5841fa06-4cfa-47de-aead-53bc4c5eb6d7-300x225.jpg\" alt=\"5841fa06-4cfa-47de-aead-53bc4c5eb6d7\" \/><\/figure><\/div><div class=\"swiper-slide\" role=\"group\" aria-roledescription=\"slide\" aria-label=\"4 of 19\"><figure class=\"swiper-slide-inner\"><img decoding=\"async\" class=\"swiper-slide-image\" src=\"https:\/\/viajuntos.com.br\/wordpress\/wp-content\/uploads\/2021\/02\/Image0177-300x225.jpg\" alt=\"sempre juntos\" \/><\/figure><\/div><div class=\"swiper-slide\" role=\"group\" aria-roledescription=\"slide\" aria-label=\"5 of 19\"><figure class=\"swiper-slide-inner\"><img decoding=\"async\" class=\"swiper-slide-image\" src=\"https:\/\/viajuntos.com.br\/wordpress\/wp-content\/uploads\/2021\/02\/Image0040-300x225.jpg\" alt=\"Image0040\" \/><\/figure><\/div><div class=\"swiper-slide\" role=\"group\" aria-roledescription=\"slide\" aria-label=\"6 of 19\"><figure class=\"swiper-slide-inner\"><img decoding=\"async\" class=\"swiper-slide-image\" src=\"https:\/\/viajuntos.com.br\/wordpress\/wp-content\/uploads\/2021\/01\/Image0011-300x225.jpg\" alt=\"Image0011\" \/><\/figure><\/div><div class=\"swiper-slide\" role=\"group\" aria-roledescription=\"slide\" aria-label=\"7 of 19\"><figure class=\"swiper-slide-inner\"><img decoding=\"async\" class=\"swiper-slide-image\" src=\"https:\/\/viajuntos.com.br\/wordpress\/wp-content\/uploads\/2021\/01\/Image0007-300x225.jpg\" alt=\"Image0007\" \/><\/figure><\/div><div class=\"swiper-slide\" role=\"group\" aria-roledescription=\"slide\" aria-label=\"8 of 19\"><figure class=\"swiper-slide-inner\"><img decoding=\"async\" class=\"swiper-slide-image\" src=\"https:\/\/viajuntos.com.br\/wordpress\/wp-content\/uploads\/2020\/11\/WhatsApp-Image-2020-11-03-at-18.33.22-300x225.jpeg\" alt=\"WhatsApp Image 2020-11-03 at 18.33.22\" \/><\/figure><\/div><div class=\"swiper-slide\" role=\"group\" aria-roledescription=\"slide\" aria-label=\"9 of 19\"><figure class=\"swiper-slide-inner\"><img decoding=\"async\" class=\"swiper-slide-image\" src=\"https:\/\/viajuntos.com.br\/wordpress\/wp-content\/uploads\/2020\/02\/2020-02-28-11.11.44-2-300x225.jpg\" alt=\"Processed with VSCO with  preset\" \/><\/figure><\/div><div class=\"swiper-slide\" role=\"group\" aria-roledescription=\"slide\" aria-label=\"10 of 19\"><figure class=\"swiper-slide-inner\"><img decoding=\"async\" class=\"swiper-slide-image\" src=\"https:\/\/viajuntos.com.br\/wordpress\/wp-content\/uploads\/2020\/03\/GOPR1314-300x225.jpg\" alt=\"DCIM101GOPRO\" \/><\/figure><\/div><div class=\"swiper-slide\" role=\"group\" aria-roledescription=\"slide\" aria-label=\"11 of 19\"><figure class=\"swiper-slide-inner\"><img decoding=\"async\" class=\"swiper-slide-image\" src=\"https:\/\/viajuntos.com.br\/wordpress\/wp-content\/uploads\/2019\/11\/112219_1958_2019ExpoMot6-300x225.jpg\" alt=\"112219_1958_2019ExpoMot6.jpg\" \/><\/figure><\/div><div class=\"swiper-slide\" role=\"group\" aria-roledescription=\"slide\" aria-label=\"12 of 19\"><figure class=\"swiper-slide-inner\"><img decoding=\"async\" class=\"swiper-slide-image\" src=\"https:\/\/viajuntos.com.br\/wordpress\/wp-content\/uploads\/2019\/11\/112219_1958_2019ExpoMot4-300x225.jpg\" alt=\"112219_1958_2019ExpoMot4.jpg\" \/><\/figure><\/div><div class=\"swiper-slide\" role=\"group\" aria-roledescription=\"slide\" aria-label=\"13 of 19\"><figure class=\"swiper-slide-inner\"><img decoding=\"async\" class=\"swiper-slide-image\" src=\"https:\/\/viajuntos.com.br\/wordpress\/wp-content\/uploads\/2019\/11\/112219_1938_2019ExpoMot2-300x180.jpg\" alt=\"112219_1938_2019ExpoMot2.jpg\" \/><\/figure><\/div><div class=\"swiper-slide\" role=\"group\" aria-roledescription=\"slide\" aria-label=\"14 of 19\"><figure class=\"swiper-slide-inner\"><img decoding=\"async\" class=\"swiper-slide-image\" src=\"https:\/\/viajuntos.com.br\/wordpress\/wp-content\/uploads\/2019\/11\/20190921_155446-300x225.jpg\" alt=\"20190921_155446\" \/><\/figure><\/div><div class=\"swiper-slide\" role=\"group\" aria-roledescription=\"slide\" aria-label=\"15 of 19\"><figure class=\"swiper-slide-inner\"><img decoding=\"async\" class=\"swiper-slide-image\" src=\"https:\/\/viajuntos.com.br\/wordpress\/wp-content\/uploads\/2019\/11\/20190921_132612-300x225.jpg\" alt=\"20190921_132612\" \/><\/figure><\/div><div class=\"swiper-slide\" role=\"group\" aria-roledescription=\"slide\" aria-label=\"16 of 19\"><figure class=\"swiper-slide-inner\"><img decoding=\"async\" class=\"swiper-slide-image\" src=\"https:\/\/viajuntos.com.br\/wordpress\/wp-content\/uploads\/2019\/11\/20190921_121152-300x225.jpg\" alt=\"20190921_121152\" \/><\/figure><\/div><div class=\"swiper-slide\" role=\"group\" aria-roledescription=\"slide\" aria-label=\"17 of 19\"><figure class=\"swiper-slide-inner\"><img decoding=\"async\" class=\"swiper-slide-image\" src=\"https:\/\/viajuntos.com.br\/wordpress\/wp-content\/uploads\/IMG_9800-300x200.jpg\" alt=\"IMG_9800\" \/><\/figure><\/div><div class=\"swiper-slide\" role=\"group\" aria-roledescription=\"slide\" aria-label=\"18 of 19\"><figure class=\"swiper-slide-inner\"><img decoding=\"async\" class=\"swiper-slide-image\" src=\"https:\/\/viajuntos.com.br\/wordpress\/wp-content\/uploads\/IMG_0163-300x200.jpg\" alt=\"IMG_0163\" \/><\/figure><\/div><div class=\"swiper-slide\" role=\"group\" aria-roledescription=\"slide\" aria-label=\"19 of 19\"><figure class=\"swiper-slide-inner\"><img decoding=\"async\" class=\"swiper-slide-image\" src=\"https:\/\/viajuntos.com.br\/wordpress\/wp-content\/uploads\/37810c45-48fb-4348-b034-c59267c671f2-300x225.jpg\" alt=\"37810c45-48fb-4348-b034-c59267c671f2\" \/><\/figure><\/div>\t\t\t<\/div>\n\t\t\t\t\t\t\t\t\t\t\t\t<div class=\"elementor-swiper-button elementor-swiper-button-prev\" role=\"button\" tabindex=\"0\">\n\t\t\t\t\t\t<i aria-hidden=\"true\" class=\"eicon-chevron-left\"><\/i>\t\t\t\t\t<\/div>\n\t\t\t\t\t<div class=\"elementor-swiper-button elementor-swiper-button-next\" role=\"button\" tabindex=\"0\">\n\t\t\t\t\t\t<i aria-hidden=\"true\" class=\"eicon-chevron-right\"><\/i>\t\t\t\t\t<\/div>\n\t\t\t\t\n\t\t\t\t\t\t\t\t\t<div class=\"swiper-pagination\"><\/div>\n\t\t\t\t\t\t\t\t\t<\/div>\n\t\t\t\t<\/div>\n\t\t\t\t<\/div>\n\t\t\t\t\t\t<\/div>\n\t\t\t\t\t<\/div>\n\t\t<\/div>\n\t\t\t\t\t\t\t\t<\/div>\n\t\t\t\t\t<\/div>\n\t\t<\/section>\n\t\t\t\t\t\t\t\t\t<\/div>\n\t\t\t<\/div>\n\t\t\t\t\t<\/div>\n\t\t","protected":false},"excerpt":{"rendered":"<p>\u00a0 Somos Bruna e Lianderson e L\u00edvia , unidos pelo amor e o desejo de conhecer lugares novos. N\u00e3o vivemos [&hellip;]<\/p>\n","protected":false},"author":3,"featured_media":0,"parent":0,"menu_order":0,"comment_status":"closed","ping_status":"closed","template":"","meta":[],"_links":{"self":[{"href":"https:\/\/viajuntos.com.br\/wordpress\/wp-json\/wp\/v2\/pages\/491"}],"collection":[{"href":"https:\/\/viajuntos.com.br\/wordpress\/wp-json\/wp\/v2\/pages"}],"about":[{"href":"https:\/\/viajuntos.com.br\/wordpress\/wp-json\/wp\/v2\/types\/page"}],"author":[{"embeddable":true,"href":"https:\/\/viajuntos.com.br\/wordpress\/wp-json\/wp\/v2\/users\/3"}],"replies":[{"embeddable":true,"href":"https:\/\/viajuntos.com.br\/wordpress\/wp-json\/wp\/v2\/comments?post=491"}],"version-history":[{"count":9,"href":"https:\/\/viajuntos.com.br\/wordpress\/wp-json\/wp\/v2\/pages\/491\/revisions"}],"predecessor-version":[{"id":13187,"href":"https:\/\/viajuntos.com.br\/wordpress\/wp-json\/wp\/v2\/pages\/491\/revisions\/13187"}],"wp:attachment":[{"href":"https:\/\/viajuntos.com.br\/wordpress\/wp-json\/wp\/v2\/media?parent=491"}],"curies":[{"name":"wp","href":"https:\/\/api.w.org\/{rel}","templated":true}]}}