{"id":7479,"date":"2018-12-21T14:38:06","date_gmt":"2018-12-21T17:38:06","guid":{"rendered":"http:\/\/www.viajuntos.com.br\/wordpress\/?page_id=7479"},"modified":"2018-12-26T15:02:23","modified_gmt":"2018-12-26T18:02:23","slug":"mapas-ajuda-para-viajantes-se-localizar","status":"publish","type":"page","link":"https:\/\/viajuntos.com.br\/wordpress\/mapas-ajuda-para-viajantes-se-localizar\/","title":{"rendered":"Mapas para GPS com as localiza\u00e7\u00f5es"},"content":{"rendered":"<p>&nbsp;<\/p>\n<p style=\"text-align: center;\"><a href=\"https:\/\/mapstogpx.com\/\"><span style=\"font-size: 48px;\"><strong>https:\/\/mapstogpx.com\/<\/strong><\/span><\/a><\/p>\n<p><span style=\"font-size: 28px;\">Essa ferramenta aceita um link\u00a0 do Google pr\u00e9-criadas e as converte em um arquivo GPX. Este arquivo pode ser carregado e usado em sat-nav e GPS.\u00a0<\/span><\/p>\n<p>&nbsp;<\/p>\n<p style=\"text-align: center;\"><strong><span style=\"font-size: 48px;\"><a href=\"https:\/\/maplorer.com\">https:\/\/maplorer.com<\/a>\/<\/span><\/strong><\/p>\n<pre id=\"tw-target-text\" class=\"tw-data-text tw-ta tw-text-small\" dir=\"ltr\" data-placeholder=\"Tradu\u00e7\u00e3o\" data-fulltext=\"\"><span lang=\"pt\" style=\"font-size: 28px;\">Ver GPX \u00e9 uma ferramenta online que exibe as faixas gravadas pelo seu GPS, bem como um perfil de eleva\u00e7\u00e3o. \r\nMesmo que o seu GPS n\u00e3o registre eleva\u00e7\u00e3o, o View GPX pode determinar o perfil do Google Maps. \r\nAl\u00e9m disso, o perfil e a faixa s\u00e3o interligados de forma interativa atrav\u00e9s do ponto do mouse<\/span><\/pre>\n<p>&nbsp;<\/p>\n<p>&nbsp;<\/p>\n<p><a href=\"https:\/\/www.visugpx.com\/editgpx\/\"><span style=\"font-size: 48px;\">https:\/\/www.visugpx.com\/editgpx\/<\/span><\/a><\/p>\n<p>&nbsp;<\/p>\n<p>&nbsp;<\/p>\n<p><div class='powr-hit-counter' id='a7099a57_1510839177'><\/div> <script async src=\"\/\/pagead2.googlesyndication.com\/pagead\/js\/adsbygoogle.js\"><\/script><\/p>\n<p><!-- viajuntos --><\/p>\n<p><ins class=\"adsbygoogle\" style=\"display: inline-block; width: 728px; height: 90px;\" data-ad-client=\"ca-pub-5748931028326378\" data-ad-slot=\"3424508494\"><\/ins> <script>\n(adsbygoogle = window.adsbygoogle || []).push({});\n<\/script><\/p>\n<p><!-- Start Open Web Analytics Tracker --><\/p>\n<p><script type=\"text\/javascript\">\n\/\/<![CDATA[ var owa_baseUrl = 'https:\/\/intracker.com.br\/openweb\/'; var owa_cmds = owa_cmds || []; owa_cmds.push(['setSiteId', 'f4ebb5e41cdfe820dcc19659ce007d66']); owa_cmds.push(['trackPageView']); owa_cmds.push(['trackClicks']); (function() { var _owa = document.createElement('script'); _owa.type = 'text\/javascript'; _owa.async = true; owa_baseUrl = ('https:' == document.location.protocol ? window.owa_baseSecUrl || owa_baseUrl.replace(\/http:\/, 'https:') : owa_baseUrl ); _owa.src = owa_baseUrl + 'modules\/base\/js\/owa.tracker-combined-min.js'; var _owa_s = document.getElementsByTagName('script')[0]; _owa_s.parentNode.insertBefore(_owa, _owa_s); }()); \/\/]]>\n<\/script><\/p>\n<p><!-- End Open Web Analytics Code --><\/p>\n<p><script async src=\"\/\/pagead2.googlesyndication.com\/pagead\/js\/adsbygoogle.js\"><\/script><\/p>\n<p><!-- viajuntos --><\/p>\n<p><ins class=\"adsbygoogle\" style=\"display: inline-block; width: 728px; height: 90px;\" data-ad-client=\"ca-pub-5748931028326378\" data-ad-slot=\"3424508494\"><\/ins> <script>\n(adsbygoogle = window.adsbygoogle || []).push({});\n<\/script><\/p>\n","protected":false},"excerpt":{"rendered":"<p>&nbsp; https:\/\/mapstogpx.com\/ Essa ferramenta aceita um link\u00a0 do Google pr\u00e9-criadas e as converte em um arquivo GPX. Este arquivo pode [&hellip;]<\/p>\n","protected":false},"author":2,"featured_media":0,"parent":0,"menu_order":0,"comment_status":"closed","ping_status":"closed","template":"","meta":[],"_links":{"self":[{"href":"https:\/\/viajuntos.com.br\/wordpress\/wp-json\/wp\/v2\/pages\/7479"}],"collection":[{"href":"https:\/\/viajuntos.com.br\/wordpress\/wp-json\/wp\/v2\/pages"}],"about":[{"href":"https:\/\/viajuntos.com.br\/wordpress\/wp-json\/wp\/v2\/types\/page"}],"author":[{"embeddable":true,"href":"https:\/\/viajuntos.com.br\/wordpress\/wp-json\/wp\/v2\/users\/2"}],"replies":[{"embeddable":true,"href":"https:\/\/viajuntos.com.br\/wordpress\/wp-json\/wp\/v2\/comments?post=7479"}],"version-history":[{"count":8,"href":"https:\/\/viajuntos.com.br\/wordpress\/wp-json\/wp\/v2\/pages\/7479\/revisions"}],"predecessor-version":[{"id":7499,"href":"https:\/\/viajuntos.com.br\/wordpress\/wp-json\/wp\/v2\/pages\/7479\/revisions\/7499"}],"wp:attachment":[{"href":"https:\/\/viajuntos.com.br\/wordpress\/wp-json\/wp\/v2\/media?parent=7479"}],"curies":[{"name":"wp","href":"https:\/\/api.w.org\/{rel}","templated":true}]}}